{"id":5124,"date":"2023-05-18T15:36:53","date_gmt":"2023-05-18T13:36:53","guid":{"rendered":"https:\/\/www.tenutaantonini.it\/?post_type=product&#038;p=5124"},"modified":"2026-04-01T13:26:49","modified_gmt":"2026-04-01T11:26:49","slug":"cerasuolo-abruzzo-tenuta-antonini","status":"publish","type":"product","link":"https:\/\/www.tenutaantonini.it\/?product=cerasuolo-abruzzo-tenuta-antonini","title":{"rendered":"Ceras &#8211; Cerasuolo d&#8217;Abruzzo"},"content":{"rendered":"<div class=\"half-left\">\n<p><strong>Annata<br \/>\n<\/strong>2025<\/p>\n<p><strong>Tipologia<br \/>\n<\/strong>Cerasuolo d\u2019Abruzzo DOC<\/p>\n<p><strong>Vitigni<br \/>\n<\/strong>Prodotto con vitigno autoctono 100%<\/p>\n<p><strong>Vigneti<br \/>\n<\/strong>Di propriet\u00e0, nei colli ancaranesi, allevati a filari guyot<\/p>\n<p><strong>Suolo<br \/>\n<\/strong>Argilloso e calcareo<\/p>\n<p><strong>Vinificazione<br \/>\n<\/strong>Macerazione a freddo del pigiato, pigiatura soffice, fermentazione in acciaio a temperatura controllata<\/p>\n<p><strong>Affinamento<br \/>\n<\/strong>Breve in bottiglia<\/p>\n<p><strong>Stile<br \/>\n<\/strong>Piacevolmente morbido e fruttato<\/p>\n<p><strong>Caratteristiche organolettiche<br \/>\n<\/strong>Colore rosso ciliegia. Ampi profumi fruttati con sentore di marasche e finissime note floreali. Di buona struttura, molto equilibrato, morbido e persistente<\/p>\n<p><strong>Premi<\/strong><br \/>\n<strong>2023<\/strong><br \/>\nRosa D\u2019oro (Concorso nazionale &#8220;Rosa Rosati Ros\u00e9&#8221;)<br \/>\nMundus Vini SILVER Meininger 2023<br \/>\nGardini Notes &#8211; 90<br \/>\nMundus Vini &#8211; Silver<br \/>\nI migliori Vini Italiani Luca Maroni<br \/>\n<strong>2024<\/strong><br \/>\nGardini Notes &#8211; 92+<br \/>\nMigliori Vini Italiani Luca Maroni<\/p>\n<\/div>\n<div class=\"half-right\"><img fetchpriority=\"high\" decoding=\"async\" class=\"alignnone size-full wp-image-7726\" src=\"https:\/\/www.tenutaantonini.it\/wp-content\/uploads\/2023\/05\/et_RT-CERAS-CERASUOLO-DOC.jpg\" alt=\"\" width=\"600\" height=\"792\" srcset=\"https:\/\/www.tenutaantonini.it\/wp-content\/uploads\/2023\/05\/et_RT-CERAS-CERASUOLO-DOC.jpg 600w, https:\/\/www.tenutaantonini.it\/wp-content\/uploads\/2023\/05\/et_RT-CERAS-CERASUOLO-DOC-227x300.jpg 227w\" sizes=\"(max-width: 600px) 100vw, 600px\" \/><\/div>\n","protected":false},"excerpt":{"rendered":"<p>Stappare un rosato \u00e8 comunicare qualcosa sulla propria personalit\u00e0. \u00c8 un vino fantasioso ed originale, che tende ad andare oltre i limiti imposti, amato soprattutto da chi cerca sempre qualcosa di differente. In un codice binario di bianchi&amp;rossi, il nostro Rosato \u00e8 quella cifra che fa saltare l\u2019equazione, portando a scoprire qualcosa di inaspettato.<\/p>\n<div class=\"abbinamento-div\"><strong>Perfetto con <\/strong><img decoding=\"async\" class=\"alignnone size-full wp-image-5250\" src=\"https:\/\/www.tenutaantonini.it\/wp-content\/uploads\/2023\/05\/Abbinamenti_Cerasuolo-01.png\" alt=\"\" width=\"180\" height=\"36\" \/><\/div>\n<p><strong>Anno<\/strong>: 2025<br \/>\n<strong>Formato<\/strong>: 750 ml<\/p>\n","protected":false},"featured_media":7165,"template":"","meta":{"_acf_changed":false},"product_brand":[],"product_cat":[66],"product_tag":[],"class_list":{"0":"post-5124","1":"product","2":"type-product","3":"status-publish","4":"has-post-thumbnail","6":"product_cat-vini-rosati","8":"first","9":"instock","10":"sale","11":"shipping-taxable","12":"purchasable","13":"product-type-simple"},"acf":[],"_links":{"self":[{"href":"https:\/\/www.tenutaantonini.it\/index.php?rest_route=\/wp\/v2\/product\/5124","targetHints":{"allow":["GET"]}}],"collection":[{"href":"https:\/\/www.tenutaantonini.it\/index.php?rest_route=\/wp\/v2\/product"}],"about":[{"href":"https:\/\/www.tenutaantonini.it\/index.php?rest_route=\/wp\/v2\/types\/product"}],"wp:featuredmedia":[{"embeddable":true,"href":"https:\/\/www.tenutaantonini.it\/index.php?rest_route=\/wp\/v2\/media\/7165"}],"wp:attachment":[{"href":"https:\/\/www.tenutaantonini.it\/index.php?rest_route=%2Fwp%2Fv2%2Fmedia&parent=5124"}],"wp:term":[{"taxonomy":"product_brand","embeddable":true,"href":"https:\/\/www.tenutaantonini.it\/index.php?rest_route=%2Fwp%2Fv2%2Fproduct_brand&post=5124"},{"taxonomy":"product_cat","embeddable":true,"href":"https:\/\/www.tenutaantonini.it\/index.php?rest_route=%2Fwp%2Fv2%2Fproduct_cat&post=5124"},{"taxonomy":"product_tag","embeddable":true,"href":"https:\/\/www.tenutaantonini.it\/index.php?rest_route=%2Fwp%2Fv2%2Fproduct_tag&post=5124"}],"curies":[{"name":"wp","href":"https:\/\/api.w.org\/{rel}","templated":true}]}}