{"id":7856,"date":"2025-04-07T12:13:45","date_gmt":"2025-04-07T10:13:45","guid":{"rendered":"https:\/\/www.tenutaantonini.it\/prodotto\/le-casette-montepulciano-dabruzzo-docg-reserve\/"},"modified":"2026-01-07T09:03:38","modified_gmt":"2026-01-07T08:03:38","slug":"le-casette-montepulciano-dabruzzo-docg-reserve","status":"publish","type":"product","link":"https:\/\/www.tenutaantonini.it\/?product=le-casette-montepulciano-dabruzzo-docg-reserve","title":{"rendered":"LE CASETTE &#8211; Montepulciano d&#8217;Abruzzo DOCG Reserve"},"content":{"rendered":"<p><b>JAHRGANG<\/b><br \/>\n2020<\/p>\n<p><strong>H\u00d6HE<\/strong><br \/>\n300 m \u00fcber dem Meeresspiegel<\/p>\n<p><strong>BODENART<\/strong><br \/>\nTonig und kalkhaltig<\/p>\n<p><strong>TRAUBEN<\/strong><br \/>\nMontepulciano d\u2019Abruzzo 100 %<\/p>\n<p><strong>PFLANZENDICHTE<\/strong><br \/>\n4700 Rebst\u00f6cke\/ha<\/p>\n<p><strong>WEINBERG<\/strong><br \/>\nGuyot<\/p>\n<p><strong>AUFGEBEN<\/strong><br \/>\n60 Doppelzentner\/ha<\/p>\n<p><strong>ERNTE<\/strong><br \/>\nMitte Oktober von Hand<\/p>\n<p><strong>WEINHERSTELLUNG<\/strong><br \/>\nDie Trauben werden ausschlie\u00dflich von Hand geerntet und anschlie\u00dfend ausgew\u00e4hlt. Entrappen mit anschlie\u00dfender Mazeration und G\u00e4rung in Stahl bei kontrollierter Temperatur. 24 Monate Verfeinerung in mittelstark ger\u00f6steten Tonneaux aus franz\u00f6sischer Eiche.  <\/p>\n<p><strong>HERGESTELLTE FLASCHEN<\/strong><br \/>\nEs wurden 3321 Flaschen produziert<\/p>\n<p><strong>Auszeichnung<\/strong><br \/>\n\u2022 5 StarWines The Book 2024 91 points<br \/>\n\u2022 Untold Tre Cavatappi<br \/>\n\u2022 Miglior Vino da Evoluzione per la categoria Montepulciano d\u2019Abruzzo DOC<br \/>\n\u2022 5StarWines The Book 2025 91 points<br \/>\n\u2022 Falstaff Abruzzo, Marche, Molise Trophy 2025 93 Points<br \/>\n\u2022 92 Points JamesSuckling.com 2024<\/p>\n<p><img fetchpriority=\"high\" decoding=\"async\" class=\"alignnone size-full wp-image-7738\" src=\"https:\/\/www.tenutaantonini.it\/wp-content\/uploads\/2023\/05\/ET-LE-CASETTE-MONTEPULCIANO-RISERVA-COLLINE-TERAMANE-750-ml.jpg\" alt=\"\" width=\"1200\" height=\"515\" srcset=\"https:\/\/www.tenutaantonini.it\/wp-content\/uploads\/2023\/05\/ET-LE-CASETTE-MONTEPULCIANO-RISERVA-COLLINE-TERAMANE-750-ml.jpg 1200w, https:\/\/www.tenutaantonini.it\/wp-content\/uploads\/2023\/05\/ET-LE-CASETTE-MONTEPULCIANO-RISERVA-COLLINE-TERAMANE-750-ml-300x129.jpg 300w, https:\/\/www.tenutaantonini.it\/wp-content\/uploads\/2023\/05\/ET-LE-CASETTE-MONTEPULCIANO-RISERVA-COLLINE-TERAMANE-750-ml-1024x439.jpg 1024w, https:\/\/www.tenutaantonini.it\/wp-content\/uploads\/2023\/05\/ET-LE-CASETTE-MONTEPULCIANO-RISERVA-COLLINE-TERAMANE-750-ml-768x330.jpg 768w, https:\/\/www.tenutaantonini.it\/wp-content\/uploads\/2023\/05\/ET-LE-CASETTE-MONTEPULCIANO-RISERVA-COLLINE-TERAMANE-750-ml-600x258.jpg 600w\" sizes=\"(max-width: 1200px) 100vw, 1200px\" \/><\/p>\n","protected":false},"excerpt":{"rendered":"<p>Der Colline Teramane Montepulciano d\u2019Abruzzo D.O.C.G. Riserva stammt aus Ancarano und ist ein Wein mit gro\u00dfer Pers\u00f6nlichkeit, der aus einer sorgf\u00e4ltigen Auswahl der Trauben hergestellt wird.<br \/>\n<strong>&#8220;Le Casette&#8221; Riserva<\/strong> hat seine Wurzeln in der Erinnerung an die H\u00fcgel von Teramo. F\u00fcr uns ist es der maximale Ausdruck des Terroirs. <\/p>\n<p><strong><em>Alkohol 14,5% vol.<\/em><\/strong><\/p>\n<p><strong>JAHR<\/strong>: 2020<br \/>\n<strong>FORMAT<\/strong>: 750 ml<\/p>\n","protected":false},"featured_media":9439,"template":"","meta":{"_acf_changed":false},"product_brand":[],"product_cat":[72],"product_tag":[],"class_list":{"0":"post-7856","1":"product","2":"type-product","3":"status-publish","4":"has-post-thumbnail","6":"product_cat-nicht-kategorisiert","8":"first","9":"instock","10":"shipping-taxable","11":"purchasable","12":"product-type-simple"},"acf":[],"_links":{"self":[{"href":"https:\/\/www.tenutaantonini.it\/index.php?rest_route=\/wp\/v2\/product\/7856","targetHints":{"allow":["GET"]}}],"collection":[{"href":"https:\/\/www.tenutaantonini.it\/index.php?rest_route=\/wp\/v2\/product"}],"about":[{"href":"https:\/\/www.tenutaantonini.it\/index.php?rest_route=\/wp\/v2\/types\/product"}],"wp:featuredmedia":[{"embeddable":true,"href":"https:\/\/www.tenutaantonini.it\/index.php?rest_route=\/wp\/v2\/media\/9439"}],"wp:attachment":[{"href":"https:\/\/www.tenutaantonini.it\/index.php?rest_route=%2Fwp%2Fv2%2Fmedia&parent=7856"}],"wp:term":[{"taxonomy":"product_brand","embeddable":true,"href":"https:\/\/www.tenutaantonini.it\/index.php?rest_route=%2Fwp%2Fv2%2Fproduct_brand&post=7856"},{"taxonomy":"product_cat","embeddable":true,"href":"https:\/\/www.tenutaantonini.it\/index.php?rest_route=%2Fwp%2Fv2%2Fproduct_cat&post=7856"},{"taxonomy":"product_tag","embeddable":true,"href":"https:\/\/www.tenutaantonini.it\/index.php?rest_route=%2Fwp%2Fv2%2Fproduct_tag&post=7856"}],"curies":[{"name":"wp","href":"https:\/\/api.w.org\/{rel}","templated":true}]}}