{"id":8007,"date":"2023-05-18T15:53:01","date_gmt":"2023-05-18T13:53:01","guid":{"rendered":"https:\/\/www.tenutaantonini.it\/prodotto\/24-carati-rosso\/"},"modified":"2026-03-07T15:30:38","modified_gmt":"2026-03-07T14:30:38","slug":"24-carati-rosso","status":"publish","type":"product","link":"https:\/\/www.tenutaantonini.it\/?product=24-carati-rosso","title":{"rendered":"24 Carati rosso"},"content":{"rendered":"<p><strong>Trauben<\/strong><br \/>\nRotwein Italien<\/p>\n<p><strong>Weinberge<\/strong><br \/>\nAlte Weinberge in den Ancarano-H\u00fcgeln, in Guyot-Reihen erzogen<\/p>\n<p><strong>Boden<br \/>\n<\/strong>Die B\u00f6den weisen vielf\u00e4ltige und komplexe morphologische Eigenschaften auf, wobei kalkhaltige Bereiche, die reich an Mergel und Ton sind, stark vertreten sind. Sie liegen auf einer H\u00f6he von 294 Metern \u00fcber dem Meeresspiegel und sind nach West\/S\u00fcdwest ausgerichtet.<\/p>\n<p><strong>Pflanzdichte<\/strong><br \/>\n5000 Rebst\u00f6cke\/ha<\/p>\n<p><strong>Weinherstellung<\/strong><br \/>\nDie Trauben werden ausschlie\u00dflich von Hand gelesen und anschlie\u00dfend am Sortiertisch ausgew\u00e4hlt. Sehr schonendes Pressen und Entrappen der Trauben und anschlie\u00dfende G\u00e4rung in Stahlf\u00e4ssern bei kontrollierter Temperatur von ca. 24\u00b0 \u2013 26\u00b0C (ohne Zugabe von Fremdhefen). H\u00e4ufiges Umpumpen der Moste und D\u00e9lestages <\/p>\n<p><strong>Verfeinerung<br \/>\n<\/strong>Ein Teil des Weins wird f\u00fcr eine 12-monatige Verfeinerung in Tonneaus aus edlem amerikanischen Holz gef\u00fcllt und anschlie\u00dfend den Vorbereitungsphasen f\u00fcr die Abf\u00fcllung und einer anschlie\u00dfenden Phase der kurzen Verfeinerung in Glas unterzogen, bevor er vermarktet wird.<\/p>\n<p><strong>Organoleptische Eigenschaften<\/strong><br \/>\nIntensive rubinrote Farbe, voll und elegant, breites und komplexes Aroma, fruchtig, mit Ankl\u00e4ngen von Pflaumen, Kirschen und Noten von Tabak, Vanille, leicht w\u00fcrzig. Vollmundiger Wein, weich und reich an edlen Tanninen <\/p>\n<p><strong>Auszeichnung<br \/>\n<\/strong>24 CARATI ROSSO 2022<strong><br \/>\n<\/strong>\u2022 88 Points JamesSuckling.com<br \/>\n\u2022 Luca Gardini 90 Ninety\/100<br \/>\n\u2022 Mundus Vini GOLD Meininger 2023<br \/>\n\u2022 Decanter 2023 Bronze<br \/>\n\u2022 I migliori Vini Italiani Luca Maroni<br \/>\n\u2022 Falstaff Abruzzo, Marche, Molise Trophy 2025 94 Points<\/p>\n<p>24 CARATI ROSSO 2021<br \/>\nMigliori Vini Italiani \u2013 Luca Maroni<\/p>\n<p>24 CARATI ROSSO 2019<br \/>\nMondus Vini Gold<br \/>\nMigliori Vini Italiani \u2013 Luca Maroni<\/p>\n<p><img fetchpriority=\"high\" decoding=\"async\" class=\"alignnone size-full wp-image-7744\" src=\"https:\/\/www.tenutaantonini.it\/wp-content\/uploads\/2023\/05\/et_RT-24-CARATI-ROSSO.jpg\" alt=\"\" width=\"600\" height=\"804\" srcset=\"https:\/\/www.tenutaantonini.it\/wp-content\/uploads\/2023\/05\/et_RT-24-CARATI-ROSSO.jpg 600w, https:\/\/www.tenutaantonini.it\/wp-content\/uploads\/2023\/05\/et_RT-24-CARATI-ROSSO-224x300.jpg 224w\" sizes=\"(max-width: 600px) 100vw, 600px\" \/><\/p>\n","protected":false},"excerpt":{"rendered":"<p>24-Karat-Gold ist ohne Zweifel das wertvollste. Es ist das, was man in einem wichtigen Moment verschenkt oder kauft, um ein Ziel zu feiern, um ein sch\u00f6nes und starkes Gef\u00fchl am Leben zu bewahren. Unser 24 Carati steht f\u00fcr Kostbarkeit und Exzellenz. Die Trauben stammen nur aus den Weinbergen mit den besten Lagen und aus sorgf\u00e4ltig ausgew\u00e4hlten Trauben, deren Fr\u00fcchte zum perfekten Reifegrad von sorgf\u00e4ltigen, erfahrenen und zarten H\u00e4nden geerntet werden.<br \/>\nEs ist ein auf Perfektion ausgerichteter Wein.<\/p>\n<div class=\"abbinamento-div\"><strong>Perfekt mit <\/strong><img decoding=\"async\" class=\"alignnone size-full wp-image-5250\" src=\"https:\/\/www.tenutaantonini.it\/wp-content\/uploads\/2023\/05\/Abbinamenti_24-Carati-Rosso-P121-01.png\" alt=\"\" width=\"60\" height=\"36\"><\/div>\n<p><strong>Jahr<\/strong>: ND<br \/>\n<strong>Format<\/strong>: 750 ml<\/p>\n","protected":false},"featured_media":7164,"template":"","meta":{"_acf_changed":false},"product_brand":[],"product_cat":[72],"product_tag":[],"class_list":{"0":"post-8007","1":"product","2":"type-product","3":"status-publish","4":"has-post-thumbnail","6":"product_cat-nicht-kategorisiert","8":"first","9":"instock","10":"sale","11":"shipping-taxable","12":"purchasable","13":"product-type-simple"},"acf":[],"_links":{"self":[{"href":"https:\/\/www.tenutaantonini.it\/index.php?rest_route=\/wp\/v2\/product\/8007","targetHints":{"allow":["GET"]}}],"collection":[{"href":"https:\/\/www.tenutaantonini.it\/index.php?rest_route=\/wp\/v2\/product"}],"about":[{"href":"https:\/\/www.tenutaantonini.it\/index.php?rest_route=\/wp\/v2\/types\/product"}],"wp:featuredmedia":[{"embeddable":true,"href":"https:\/\/www.tenutaantonini.it\/index.php?rest_route=\/wp\/v2\/media\/7164"}],"wp:attachment":[{"href":"https:\/\/www.tenutaantonini.it\/index.php?rest_route=%2Fwp%2Fv2%2Fmedia&parent=8007"}],"wp:term":[{"taxonomy":"product_brand","embeddable":true,"href":"https:\/\/www.tenutaantonini.it\/index.php?rest_route=%2Fwp%2Fv2%2Fproduct_brand&post=8007"},{"taxonomy":"product_cat","embeddable":true,"href":"https:\/\/www.tenutaantonini.it\/index.php?rest_route=%2Fwp%2Fv2%2Fproduct_cat&post=8007"},{"taxonomy":"product_tag","embeddable":true,"href":"https:\/\/www.tenutaantonini.it\/index.php?rest_route=%2Fwp%2Fv2%2Fproduct_tag&post=8007"}],"curies":[{"name":"wp","href":"https:\/\/api.w.org\/{rel}","templated":true}]}}