{"id":8036,"date":"2023-05-18T15:52:30","date_gmt":"2023-05-18T13:52:30","guid":{"rendered":"https:\/\/www.tenutaantonini.it\/prodotto\/lutum-trebbiano-dabruzzo\/"},"modified":"2026-04-01T13:32:32","modified_gmt":"2026-04-01T11:32:32","slug":"lutum-trebbiano-dabruzzo","status":"publish","type":"product","link":"https:\/\/www.tenutaantonini.it\/?product=lutum-trebbiano-dabruzzo","title":{"rendered":"Lutum &#8211; Trebbiano d\u2019Abruzzo"},"content":{"rendered":"<p><strong>Jahrgang<\/strong><br \/>\n2024<\/p>\n<p><strong>Trauben<\/strong><br \/>\nTrebbiano d\u2019Abruzzo DOC<\/p>\n<p><strong>Weinberge<\/strong><br \/>\nTrebbiano 100%<\/p>\n<p><strong>Weinberge<\/strong><br \/>\nIm Besitz der Eigent\u00fcmer, in den Ancarano-H\u00fcgeln, in Guyot-Reihen angebaut<\/p>\n<p><strong>Boden<br \/>\n<\/strong>Tonig und kalkhaltig<\/p>\n<p><strong>Weinherstellung<\/strong><br \/>\nKaltmazeration der zerkleinerten Trauben, sanftes Pressen, G\u00e4rung in Stahlf\u00e4ssern bei kontrollierter Temperatur<\/p>\n<p><strong>Verfeinerung<\/strong><br \/>\nKurze Flaschenreifung<\/p>\n<p><strong>Stil<\/strong><br \/>\nErfrischend, w\u00fcrzig und blumig<\/p>\n<p><strong>Organoleptische Eigenschaften<\/strong><br \/>\nHellgelbe Farbe. Zarte florale Noten vermischen sich mit \u00fcppigen Aromen von frischem Obst. Gute Struktur, weich und zart<\/p>\n<p><strong>Auszeichnung<br \/>\n<\/strong>TREBBIANO D&#8217;ABRUZZO 2023<br \/>\n\u2022 90 Points JamesSuckling.com<br \/>\n\u2022 Luca Gardini 92+ Ninety &#8211; Four\/100<br \/>\n\u2022 Mundus Vini GOLD Meininger 2023<br \/>\n\u2022 Decanter 2023 Silver<br \/>\n\u2022 27 Berlin Wine Trophy Gold 2023<br \/>\n\u2022 I migliori Vini Italiani Luca Maroni<strong><br \/>\n<\/strong><\/p>\n<p>TREBBIANO D\u2019ABRUZZO 2022<br \/>\nBerliner Wine Trophy \u2013 GOLD<br \/>\nMondus Vini Gold<\/p>\n<p><img fetchpriority=\"high\" decoding=\"async\" class=\"alignnone size-full wp-image-7735\" src=\"https:\/\/www.tenutaantonini.it\/wp-content\/uploads\/2023\/05\/er_RT-LUTUM-TREBBIANO-DOC.jpg\" alt=\"\" width=\"600\" height=\"794\" srcset=\"https:\/\/www.tenutaantonini.it\/wp-content\/uploads\/2023\/05\/er_RT-LUTUM-TREBBIANO-DOC.jpg 600w, https:\/\/www.tenutaantonini.it\/wp-content\/uploads\/2023\/05\/er_RT-LUTUM-TREBBIANO-DOC-227x300.jpg 227w\" sizes=\"(max-width: 600px) 100vw, 600px\" \/><\/p>\n","protected":false},"excerpt":{"rendered":"<p>Die \u00dcberwindung der Idee des \u201egro\u00dfen Klassikers\u201c gleicht der Banalit\u00e4t. \u00dcber Vorurteile hinausgehen, verbunden mit der Idee eines Weins, der so historisch ist, dass es offensichtlich erscheint. Neue sensorische Details und Nuancen zeigen k\u00f6nnen. Wer sich \u00fcberraschen l\u00e4sst, findet all das und noch viel mehr in unserem Trebbiano.<\/p>\n<div class=\"abbinamento-div\"><strong>Perfekt mit <\/strong><img decoding=\"async\" class=\"alignnone size-full wp-image-5250\" src=\"https:\/\/www.tenutaantonini.it\/wp-content\/uploads\/2023\/05\/Abbinamenti_Trebbiano-24-Carati-Bianco-01.png\" alt=\"\" width=\"120\" height=\"36\" \/><\/div>\n<p><strong>Format<\/strong>: 750 ml<br \/>\n<strong>Jahr<\/strong>: 2022<\/p>\n","protected":false},"featured_media":7155,"template":"","meta":{"_acf_changed":false},"product_brand":[],"product_cat":[73],"product_tag":[],"class_list":{"0":"post-8036","1":"product","2":"type-product","3":"status-publish","4":"has-post-thumbnail","6":"product_cat-weisweine","8":"first","9":"instock","10":"sale","11":"shipping-taxable","12":"purchasable","13":"product-type-simple"},"acf":[],"_links":{"self":[{"href":"https:\/\/www.tenutaantonini.it\/index.php?rest_route=\/wp\/v2\/product\/8036","targetHints":{"allow":["GET"]}}],"collection":[{"href":"https:\/\/www.tenutaantonini.it\/index.php?rest_route=\/wp\/v2\/product"}],"about":[{"href":"https:\/\/www.tenutaantonini.it\/index.php?rest_route=\/wp\/v2\/types\/product"}],"wp:featuredmedia":[{"embeddable":true,"href":"https:\/\/www.tenutaantonini.it\/index.php?rest_route=\/wp\/v2\/media\/7155"}],"wp:attachment":[{"href":"https:\/\/www.tenutaantonini.it\/index.php?rest_route=%2Fwp%2Fv2%2Fmedia&parent=8036"}],"wp:term":[{"taxonomy":"product_brand","embeddable":true,"href":"https:\/\/www.tenutaantonini.it\/index.php?rest_route=%2Fwp%2Fv2%2Fproduct_brand&post=8036"},{"taxonomy":"product_cat","embeddable":true,"href":"https:\/\/www.tenutaantonini.it\/index.php?rest_route=%2Fwp%2Fv2%2Fproduct_cat&post=8036"},{"taxonomy":"product_tag","embeddable":true,"href":"https:\/\/www.tenutaantonini.it\/index.php?rest_route=%2Fwp%2Fv2%2Fproduct_tag&post=8036"}],"curies":[{"name":"wp","href":"https:\/\/api.w.org\/{rel}","templated":true}]}}