{"id":8048,"date":"2023-05-18T15:41:17","date_gmt":"2023-05-18T13:41:17","guid":{"rendered":"https:\/\/www.tenutaantonini.it\/prodotto\/vitis-passerina\/"},"modified":"2026-04-01T13:31:18","modified_gmt":"2026-04-01T11:31:18","slug":"vitis-passerina-2","status":"publish","type":"product","link":"https:\/\/www.tenutaantonini.it\/?product=vitis-passerina-2","title":{"rendered":"Vitis &#8211; Passerina"},"content":{"rendered":"<p><strong>Jahr<\/strong><\/p>\n<p><strong>Typologie<\/strong><br \/>\nAbruzzo Passerina DOC<\/p>\n<p><strong>Rebsorten<\/strong><br \/>\n100% Passerina<\/p>\n<p><strong>Weinberge<\/strong><br \/>\nGez\u00fcchtet in Guyot-Reihen<\/p>\n<p><strong>Boden<br \/>\n<\/strong>Tonig und kalkhaltig<\/p>\n<p><strong>Dauer der G\u00e4rung<\/strong><br \/>\n25 Tage<\/p>\n<p><strong>Organoleptische Eigenschaften<\/strong><br \/>\nStrohgelb mit gr\u00fcnlichen Noten. Anhaltendes und fruchtiges Aroma mit Zitrusnoten. Gute Struktur, ausgezeichnete Frische, voller und intensiver Geschmack<\/p>\n<p><strong>Auszeichnung<br \/>\n<\/strong>ABRUZZO PASSERINA DOC 2022<br \/>\n\u2022 90 Points JamesSuckling.com<br \/>\n\u2022 Luca Gardini 91 Ninety\/100<br \/>\n\u2022 Mundus Vini Silver Meininger 2023<br \/>\n\u2022 Decanter 2023 Silver<br \/>\n\u2022 27 Berlin Wine Trophy Gold 2023<br \/>\n\u2022 I migliori Vini Italiani Luca Maroni<br \/>\n\u2022 29 Berliner Wine Trophy Silver 2024<br \/>\n\u2022 5StarWines The Book 2025 90 points<br \/>\n\u2022 90 Points JamesSuckling.com 2024<\/p>\n<p>ABRUZZO PASSERINA DOC 2021<br \/>\nBerliner Wine Trophy \u2013 GOLD<br \/>\nMigliori Vini Italiani \u2013 Luca Maroni<\/p>\n<p><img fetchpriority=\"high\" decoding=\"async\" class=\"alignnone size-full wp-image-7750\" src=\"https:\/\/www.tenutaantonini.it\/wp-content\/uploads\/2023\/05\/Vitis_rt.jpg\" alt=\"\" width=\"601\" height=\"800\" srcset=\"https:\/\/www.tenutaantonini.it\/wp-content\/uploads\/2023\/05\/Vitis_rt.jpg 601w, https:\/\/www.tenutaantonini.it\/wp-content\/uploads\/2023\/05\/Vitis_rt-225x300.jpg 225w\" sizes=\"(max-width: 601px) 100vw, 601px\" \/><\/p>\n","protected":false},"excerpt":{"rendered":"<p>Hier und jetzt: Zu wissen, wie man den Moment voll auslebt, ist etwas Wichtiges und Kompliziertes. Es gibt Zeiten, in denen es wichtig ist, sich Zeit zu widmen, sich selbst zu lieben, sich einen introspektiven Moment zu g\u00f6nnen oder sich einfach einen Moment reinen pers\u00f6nlichen Vergn\u00fcgens zu g\u00f6nnen. Intensive Momente perfekt begleitet von einem Glas unserer Passerina.<\/p>\n<div class=\"abbinamento-div\"><strong>Perfekt mit <\/strong><img decoding=\"async\" class=\"alignnone size-full wp-image-5250\" src=\"https:\/\/www.tenutaantonini.it\/wp-content\/uploads\/2023\/05\/pesce.png\" alt=\"\" width=\"60\" height=\"36\" \/><\/div>\n<p><strong>Jahr<\/strong>: 2024<br \/>\n<strong>Format<\/strong>: 750 ml<\/p>\n","protected":false},"featured_media":7149,"template":"","meta":{"_acf_changed":false},"product_brand":[],"product_cat":[73],"product_tag":[],"class_list":{"0":"post-8048","1":"product","2":"type-product","3":"status-publish","4":"has-post-thumbnail","6":"product_cat-weisweine","8":"first","9":"instock","10":"sale","11":"shipping-taxable","12":"purchasable","13":"product-type-simple"},"acf":[],"_links":{"self":[{"href":"https:\/\/www.tenutaantonini.it\/index.php?rest_route=\/wp\/v2\/product\/8048","targetHints":{"allow":["GET"]}}],"collection":[{"href":"https:\/\/www.tenutaantonini.it\/index.php?rest_route=\/wp\/v2\/product"}],"about":[{"href":"https:\/\/www.tenutaantonini.it\/index.php?rest_route=\/wp\/v2\/types\/product"}],"wp:featuredmedia":[{"embeddable":true,"href":"https:\/\/www.tenutaantonini.it\/index.php?rest_route=\/wp\/v2\/media\/7149"}],"wp:attachment":[{"href":"https:\/\/www.tenutaantonini.it\/index.php?rest_route=%2Fwp%2Fv2%2Fmedia&parent=8048"}],"wp:term":[{"taxonomy":"product_brand","embeddable":true,"href":"https:\/\/www.tenutaantonini.it\/index.php?rest_route=%2Fwp%2Fv2%2Fproduct_brand&post=8048"},{"taxonomy":"product_cat","embeddable":true,"href":"https:\/\/www.tenutaantonini.it\/index.php?rest_route=%2Fwp%2Fv2%2Fproduct_cat&post=8048"},{"taxonomy":"product_tag","embeddable":true,"href":"https:\/\/www.tenutaantonini.it\/index.php?rest_route=%2Fwp%2Fv2%2Fproduct_tag&post=8048"}],"curies":[{"name":"wp","href":"https:\/\/api.w.org\/{rel}","templated":true}]}}